{"id":1358,"date":"2023-10-23T23:45:20","date_gmt":"2023-10-24T02:45:20","guid":{"rendered":"https:\/\/taller77.cl\/?page_id=1358"},"modified":"2024-05-04T02:36:05","modified_gmt":"2024-05-04T06:36:05","slug":"diseno-grafico","status":"publish","type":"page","link":"https:\/\/taller77.cl\/index.php\/diseno-grafico\/","title":{"rendered":"Dise\u00f1o Gr\u00e1fico\/Imprenta"},"content":{"rendered":"\t\t<div data-elementor-type=\"wp-page\" data-elementor-id=\"1358\" class=\"elementor elementor-1358\">\n\t\t\t\t\t\t\t<div class=\"elementor-element elementor-element-4733451 e-con-full e-flex e-con e-parent\" data-id=\"4733451\" data-element_type=\"container\" data-settings=\"{&quot;background_background&quot;:&quot;slideshow&quot;,&quot;background_slideshow_gallery&quot;:[{&quot;id&quot;:2475,&quot;url&quot;:&quot;https:\\\/\\\/taller77.cl\\\/wp-content\\\/uploads\\\/2024\\\/04\\\/fot1-1.jpg&quot;},{&quot;id&quot;:2463,&quot;url&quot;:&quot;https:\\\/\\\/taller77.cl\\\/wp-content\\\/uploads\\\/2024\\\/04\\\/fot5.jpg&quot;},{&quot;id&quot;:2466,&quot;url&quot;:&quot;https:\\\/\\\/taller77.cl\\\/wp-content\\\/uploads\\\/2024\\\/04\\\/fot2.jpg&quot;},{&quot;id&quot;:2515,&quot;url&quot;:&quot;https:\\\/\\\/taller77.cl\\\/wp-content\\\/uploads\\\/2024\\\/04\\\/fot3-1.jpg&quot;},{&quot;id&quot;:2516,&quot;url&quot;:&quot;https:\\\/\\\/taller77.cl\\\/wp-content\\\/uploads\\\/2024\\\/04\\\/fot4-2.jpg&quot;}],&quot;background_slideshow_slide_duration&quot;:3000,&quot;background_slideshow_slide_transition&quot;:&quot;slide_up&quot;,&quot;background_slideshow_transition_duration&quot;:350,&quot;content_width&quot;:&quot;full&quot;,&quot;container_type&quot;:&quot;flex&quot;,&quot;background_slideshow_loop&quot;:&quot;yes&quot;}\" data-core-v316-plus=\"true\">\n\t\t\t\t<div class=\"elementor-element elementor-element-b852e38 elementor-widget__width-initial elementor-widget-tablet__width-initial e-transform elementor-widget elementor-widget-heading\" data-id=\"b852e38\" data-element_type=\"widget\" data-settings=\"{&quot;_transform_translateX_effect&quot;:{&quot;unit&quot;:&quot;px&quot;,&quot;size&quot;:&quot;&quot;,&quot;sizes&quot;:[]},&quot;_transform_translateX_effect_tablet&quot;:{&quot;unit&quot;:&quot;px&quot;,&quot;size&quot;:&quot;&quot;,&quot;sizes&quot;:[]},&quot;_transform_translateX_effect_mobile&quot;:{&quot;unit&quot;:&quot;px&quot;,&quot;size&quot;:&quot;&quot;,&quot;sizes&quot;:[]},&quot;_transform_translateY_effect&quot;:{&quot;unit&quot;:&quot;px&quot;,&quot;size&quot;:&quot;&quot;,&quot;sizes&quot;:[]},&quot;_transform_translateY_effect_tablet&quot;:{&quot;unit&quot;:&quot;px&quot;,&quot;size&quot;:&quot;&quot;,&quot;sizes&quot;:[]},&quot;_transform_translateY_effect_mobile&quot;:{&quot;unit&quot;:&quot;px&quot;,&quot;size&quot;:&quot;&quot;,&quot;sizes&quot;:[]}}\" data-widget_type=\"heading.default\">\n\t\t\t\t<div class=\"elementor-widget-container\">\n\t\t\t<style>\/*! elementor - v3.16.0 - 17-10-2023 *\/\n.elementor-heading-title{padding:0;margin:0;line-height:1}.elementor-widget-heading .elementor-heading-title[class*=elementor-size-]>a{color:inherit;font-size:inherit;line-height:inherit}.elementor-widget-heading .elementor-heading-title.elementor-size-small{font-size:15px}.elementor-widget-heading .elementor-heading-title.elementor-size-medium{font-size:19px}.elementor-widget-heading .elementor-heading-title.elementor-size-large{font-size:29px}.elementor-widget-heading .elementor-heading-title.elementor-size-xl{font-size:39px}.elementor-widget-heading .elementor-heading-title.elementor-size-xxl{font-size:59px}<\/style><h3 class=\"elementor-heading-title elementor-size-default\">\" Como una nueva estrella, la prensa dispersar\u00e1 la\noscuridad de la ignorancia, y har\u00e1 que entre los<br>hombres brille una luz hasta ahora desconocida...\" <br> (Johannes Gutenberg)<\/h3>\t\t<\/div>\n\t\t\t\t<\/div>\n\t\t\t\t<\/div>\n\t\t<div class=\"elementor-element elementor-element-8802fae e-con-full e-flex e-con e-parent\" data-id=\"8802fae\" data-element_type=\"container\" data-settings=\"{&quot;background_background&quot;:&quot;gradient&quot;,&quot;content_width&quot;:&quot;full&quot;,&quot;container_type&quot;:&quot;flex&quot;}\" data-core-v316-plus=\"true\">\n\t\t\t\t<div class=\"elementor-element elementor-element-b2a4b82 elementor-widget elementor-widget-heading\" data-id=\"b2a4b82\" data-element_type=\"widget\" data-widget_type=\"heading.default\">\n\t\t\t\t<div class=\"elementor-widget-container\">\n\t\t\t<h1 class=\"elementor-heading-title elementor-size-default\">En Taller77...<\/h1>\t\t<\/div>\n\t\t\t\t<\/div>\n\t\t<div class=\"elementor-element elementor-element-ec241af e-flex e-con-boxed e-con e-child\" data-id=\"ec241af\" data-element_type=\"container\" data-settings=\"{&quot;background_background&quot;:&quot;gradient&quot;,&quot;container_type&quot;:&quot;flex&quot;,&quot;content_width&quot;:&quot;boxed&quot;}\">\n\t\t\t\t\t<div class=\"e-con-inner\">\n\t\t\t\t<div class=\"elementor-element elementor-element-e4d0a70 elementor-widget elementor-widget-text-editor\" data-id=\"e4d0a70\" data-element_type=\"widget\" data-widget_type=\"text-editor.default\">\n\t\t\t\t<div class=\"elementor-widget-container\">\n\t\t\t<style>\/*! elementor - v3.16.0 - 17-10-2023 *\/\n.elementor-widget-text-editor.elementor-drop-cap-view-stacked .elementor-drop-cap{background-color:#69727d;color:#fff}.elementor-widget-text-editor.elementor-drop-cap-view-framed .elementor-drop-cap{color:#69727d;border:3px solid;background-color:transparent}.elementor-widget-text-editor:not(.elementor-drop-cap-view-default) .elementor-drop-cap{margin-top:8px}.elementor-widget-text-editor:not(.elementor-drop-cap-view-default) .elementor-drop-cap-letter{width:1em;height:1em}.elementor-widget-text-editor .elementor-drop-cap{float:left;text-align:center;line-height:1;font-size:50px}.elementor-widget-text-editor .elementor-drop-cap-letter{display:inline-block}<\/style>\t\t\t\t<p>Conocemos el negocio del dise\u00f1o y la producci\u00f3n gr\u00e1fica en general, porque nos iniciamos en \u00e9l.\u00a0<\/p><p>Conocemos los pasos, que van desde la idea, un simple boceto, el dise\u00f1o (sus adaptaciones)\u00a0 y la<\/p><p>\u00a0puesta en m\u00e1quina en sus diversas formas y tama\u00f1os.<\/p>\t\t\t\t\t\t<\/div>\n\t\t\t\t<\/div>\n\t\t\t\t\t<\/div>\n\t\t\t\t<\/div>\n\t\t\t\t<\/div>\n\t\t<div class=\"elementor-element elementor-element-da62aa8 e-flex e-con-boxed e-con e-parent\" data-id=\"da62aa8\" data-element_type=\"container\" data-settings=\"{&quot;background_background&quot;:&quot;gradient&quot;,&quot;container_type&quot;:&quot;flex&quot;,&quot;content_width&quot;:&quot;boxed&quot;}\" data-core-v316-plus=\"true\">\n\t\t\t\t\t<div class=\"e-con-inner\">\n\t\t\t\t<div class=\"elementor-element elementor-element-547f5e0 elementor-widget elementor-widget-shortcode\" data-id=\"547f5e0\" data-element_type=\"widget\" data-widget_type=\"shortcode.default\">\n\t\t\t\t<div class=\"elementor-widget-container\">\n\t\t\t\t\t<div class=\"elementor-shortcode\">\n\n<link rel='stylesheet' href='https:\/\/taller77.cl\/wp-content\/uploads\/wow-slider-plugin\/6\/style.css' type='text\/css' media='all' \/>\n<!-- Name: Proyectoimprenta  -->\n\n<!-- Start WOWSlider.com BODY section -->\n<div id=\"wowslider-container6\">\n<div class=\"ws_images\"><ul>\n\t\t<li><img decoding=\"async\" src=\"https:\/\/taller77.cl\/wp-content\/uploads\/wow-slider-plugin\/6\/images\/fot1.jpg\" alt=\"\" title=\"\" id=\"wows6_0\"\/><\/li>\n\t\t<li><img decoding=\"async\" src=\"https:\/\/taller77.cl\/wp-content\/uploads\/wow-slider-plugin\/6\/images\/fot1_1.jpg\" alt=\"\" title=\"\" id=\"wows6_1\"\/><\/li>\n\t\t<li><img decoding=\"async\" src=\"https:\/\/taller77.cl\/wp-content\/uploads\/wow-slider-plugin\/6\/images\/fot2.jpg\" alt=\"\" title=\"\" id=\"wows6_2\"\/><\/li>\n\t\t<li><img decoding=\"async\" src=\"https:\/\/taller77.cl\/wp-content\/uploads\/wow-slider-plugin\/6\/images\/fot3.jpg\" alt=\"\" title=\"\" id=\"wows6_3\"\/><\/li>\n\t\t<li><a href=\"http:\/\/wowslider.net\"><img decoding=\"async\" src=\"https:\/\/taller77.cl\/wp-content\/uploads\/wow-slider-plugin\/6\/images\/fot4.jpg\" alt=\"jquery image carousel\" title=\"\" id=\"wows6_4\"\/><\/a><\/li>\n\t\t<li><img decoding=\"async\" src=\"https:\/\/taller77.cl\/wp-content\/uploads\/wow-slider-plugin\/6\/images\/fot5.jpg\" alt=\"\" title=\"\" id=\"wows6_5\"\/><\/li>\n\t<\/ul><\/div>\n\t<div class=\"ws_bullets\"><div>\n\t\t<a href=\"#\" title=\"\"><span><img decoding=\"async\" src=\"https:\/\/taller77.cl\/wp-content\/uploads\/wow-slider-plugin\/6\/tooltips\/fot1.jpg\" alt=\"\"\/>1<\/span><\/a>\n\t\t<a href=\"#\" title=\"\"><span><img decoding=\"async\" src=\"https:\/\/taller77.cl\/wp-content\/uploads\/wow-slider-plugin\/6\/tooltips\/fot1_1.jpg\" alt=\"\"\/>2<\/span><\/a>\n\t\t<a href=\"#\" title=\"\"><span><img decoding=\"async\" src=\"https:\/\/taller77.cl\/wp-content\/uploads\/wow-slider-plugin\/6\/tooltips\/fot2.jpg\" alt=\"\"\/>3<\/span><\/a>\n\t\t<a href=\"#\" title=\"\"><span><img decoding=\"async\" src=\"https:\/\/taller77.cl\/wp-content\/uploads\/wow-slider-plugin\/6\/tooltips\/fot3.jpg\" alt=\"\"\/>4<\/span><\/a>\n\t\t<a href=\"#\" title=\"\"><span><img decoding=\"async\" src=\"https:\/\/taller77.cl\/wp-content\/uploads\/wow-slider-plugin\/6\/tooltips\/fot4.jpg\" alt=\"\"\/>5<\/span><\/a>\n\t\t<a href=\"#\" title=\"\"><span><img decoding=\"async\" src=\"https:\/\/taller77.cl\/wp-content\/uploads\/wow-slider-plugin\/6\/tooltips\/fot5.jpg\" alt=\"\"\/>6<\/span><\/a>\n\t<\/div><\/div><div class=\"ws_script\" style=\"position:absolute;left:-99%\"><a href=\"http:\/\/wowslider.net\">javascript carousel<\/a> by WOWSlider.com v9.0<\/div>\n\t<a href=\"#\" class=\"ws_frame\"><\/a>\n\t<div class=\"ws_shadow\"><\/div>\n<\/div>\n<!-- End WOWSlider.com BODY section -->\n\n\n<script type='text\/javascript' src='https:\/\/taller77.cl\/wp-content\/uploads\/wow-slider-plugin\/6\/script.js'><\/script>\n\n<\/div>\n\t\t\t\t<\/div>\n\t\t\t\t<\/div>\n\t\t\t\t\t<\/div>\n\t\t\t\t<\/div>\n\t\t<div class=\"elementor-element elementor-element-77eaf72 e-flex e-con-boxed e-con e-parent\" data-id=\"77eaf72\" data-element_type=\"container\" data-settings=\"{&quot;background_background&quot;:&quot;classic&quot;,&quot;container_type&quot;:&quot;flex&quot;,&quot;content_width&quot;:&quot;boxed&quot;}\" data-core-v316-plus=\"true\">\n\t\t\t\t\t<div class=\"e-con-inner\">\n\t\t<div class=\"elementor-element elementor-element-992fa42 e-con-full e-flex e-con e-child\" data-id=\"992fa42\" data-element_type=\"container\" data-settings=\"{&quot;content_width&quot;:&quot;full&quot;,&quot;container_type&quot;:&quot;flex&quot;}\">\n\t\t\t\t<div class=\"elementor-element elementor-element-52848d7 elementor-widget elementor-widget-heading\" data-id=\"52848d7\" data-element_type=\"widget\" data-widget_type=\"heading.default\">\n\t\t\t\t<div class=\"elementor-widget-container\">\n\t\t\t<h6 class=\"elementor-heading-title elementor-size-small\">Taller77.cl \nDise\u00f1o y Adm., Av. Providencia #1210, Oficina 1606.<br>Taller: Av. H. de la Concepci\u00f3n # 1948, Santiago.<br>contacto@taller77.cl - (+) 56 965467541\nCorreos Plataforma Gmail: taller77estampados@gmail.com -\nTaller77ventas@gmail.com<\/h6>\t\t<\/div>\n\t\t\t\t<\/div>\n\t\t\t\t<\/div>\n\t\t<div class=\"elementor-element elementor-element-7379a97 e-con-full e-flex e-con e-child\" data-id=\"7379a97\" data-element_type=\"container\" data-settings=\"{&quot;content_width&quot;:&quot;full&quot;,&quot;container_type&quot;:&quot;flex&quot;}\">\n\t\t\t\t<div class=\"elementor-element elementor-element-c32177c elementor-widget elementor-widget-google_maps\" data-id=\"c32177c\" data-element_type=\"widget\" data-widget_type=\"google_maps.default\">\n\t\t\t\t<div class=\"elementor-widget-container\">\n\t\t\t<style>\/*! elementor - v3.16.0 - 17-10-2023 *\/\n.elementor-widget-google_maps .elementor-widget-container{overflow:hidden}.elementor-widget-google_maps .elementor-custom-embed{line-height:0}.elementor-widget-google_maps iframe{height:300px}<\/style>\t\t<div class=\"elementor-custom-embed\">\n\t\t\t<iframe loading=\"lazy\"\n\t\t\t\t\tsrc=\"https:\/\/maps.google.com\/maps?q=Av.%20Providencia%20%231208%2C%20oficina%201603&#038;t=m&#038;z=17&#038;output=embed&#038;iwloc=near\"\n\t\t\t\t\ttitle=\"Av. Providencia #1208, oficina 1603\"\n\t\t\t\t\taria-label=\"Av. Providencia #1208, oficina 1603\"\n\t\t\t><\/iframe>\n\t\t<\/div>\n\t\t\t\t<\/div>\n\t\t\t\t<\/div>\n\t\t\t\t<\/div>\n\t\t\t\t\t<\/div>\n\t\t\t\t<\/div>\n\t\t\t\t\t\t\t<\/div>\n\t\t","protected":false},"excerpt":{"rendered":"<p>\u00bb Como una nueva estrella, la prensa dispersar\u00e1 la oscuridad de la ignorancia, y har\u00e1 que entre loshombres brille una luz hasta ahora desconocida&#8230;\u00bb (Johannes Gutenberg) En Taller77&#8230; Conocemos el negocio del dise\u00f1o y la producci\u00f3n gr\u00e1fica en general, porque nos iniciamos en \u00e9l.\u00a0 Conocemos los pasos, que van desde la idea, un simple boceto, &hellip;<\/p>\n<p class=\"read-more\"> <a class=\"\" href=\"https:\/\/taller77.cl\/index.php\/diseno-grafico\/\"> <span class=\"screen-reader-text\">Dise\u00f1o Gr\u00e1fico\/Imprenta<\/span> Leer m\u00e1s &raquo;<\/a><\/p>\n","protected":false},"author":1,"featured_media":0,"parent":0,"menu_order":0,"comment_status":"closed","ping_status":"closed","template":"","meta":{"site-sidebar-layout":"no-sidebar","site-content-layout":"page-builder","ast-site-content-layout":"full-width-container","site-content-style":"default","site-sidebar-style":"default","ast-global-header-display":"","ast-banner-title-visibility":"","ast-main-header-display":"","ast-hfb-above-header-display":"","ast-hfb-below-header-display":"","ast-hfb-mobile-header-display":"","site-post-title":"disabled","ast-breadcrumbs-content":"","ast-featured-img":"disabled","footer-sml-layout":"","theme-transparent-header-meta":"default","adv-header-id-meta":"","stick-header-meta":"","header-above-stick-meta":"","header-main-stick-meta":"","header-below-stick-meta":"","astra-migrate-meta-layouts":"set","ast-page-background-enabled":"default","ast-page-background-meta":{"desktop":{"background-color":"var(--ast-global-color-4)","background-image":"","background-repeat":"repeat","background-position":"center center","background-size":"auto","background-attachment":"scroll","background-type":"","background-media":"","overlay-type":"","overlay-color":"","overlay-gradient":""},"tablet":{"background-color":"","background-image":"","background-repeat":"repeat","background-position":"center center","background-size":"auto","background-attachment":"scroll","background-type":"","background-media":"","overlay-type":"","overlay-color":"","overlay-gradient":""},"mobile":{"background-color":"","background-image":"","background-repeat":"repeat","background-position":"center center","background-size":"auto","background-attachment":"scroll","background-type":"","background-media":"","overlay-type":"","overlay-color":"","overlay-gradient":""}},"ast-content-background-meta":{"desktop":{"background-color":"var(--ast-global-color-5)","background-image":"","background-repeat":"repeat","background-position":"center center","background-size":"auto","background-attachment":"scroll","background-type":"","background-media":"","overlay-type":"","overlay-color":"","overlay-gradient":""},"tablet":{"background-color":"var(--ast-global-color-5)","background-image":"","background-repeat":"repeat","background-position":"center center","background-size":"auto","background-attachment":"scroll","background-type":"","background-media":"","overlay-type":"","overlay-color":"","overlay-gradient":""},"mobile":{"background-color":"var(--ast-global-color-5)","background-image":"","background-repeat":"repeat","background-position":"center center","background-size":"auto","background-attachment":"scroll","background-type":"","background-media":"","overlay-type":"","overlay-color":"","overlay-gradient":""}},"footnotes":""},"class_list":["post-1358","page","type-page","status-publish","hentry"],"_links":{"self":[{"href":"https:\/\/taller77.cl\/index.php\/wp-json\/wp\/v2\/pages\/1358","targetHints":{"allow":["GET"]}}],"collection":[{"href":"https:\/\/taller77.cl\/index.php\/wp-json\/wp\/v2\/pages"}],"about":[{"href":"https:\/\/taller77.cl\/index.php\/wp-json\/wp\/v2\/types\/page"}],"author":[{"embeddable":true,"href":"https:\/\/taller77.cl\/index.php\/wp-json\/wp\/v2\/users\/1"}],"replies":[{"embeddable":true,"href":"https:\/\/taller77.cl\/index.php\/wp-json\/wp\/v2\/comments?post=1358"}],"version-history":[{"count":206,"href":"https:\/\/taller77.cl\/index.php\/wp-json\/wp\/v2\/pages\/1358\/revisions"}],"predecessor-version":[{"id":2759,"href":"https:\/\/taller77.cl\/index.php\/wp-json\/wp\/v2\/pages\/1358\/revisions\/2759"}],"wp:attachment":[{"href":"https:\/\/taller77.cl\/index.php\/wp-json\/wp\/v2\/media?parent=1358"}],"curies":[{"name":"wp","href":"https:\/\/api.w.org\/{rel}","templated":true}]}}